{"id":640,"date":"2019-01-24T14:26:58","date_gmt":"2019-01-24T13:26:58","guid":{"rendered":"https:\/\/coreplan.no\/?page_id=640"},"modified":"2019-02-08T14:59:38","modified_gmt":"2019-02-08T13:59:38","slug":"publication","status":"publish","type":"page","link":"https:\/\/coreplan.no\/en\/publication\/","title":{"rendered":"Publications"},"content":{"rendered":"<p><strong>Published articles from the Coreplan project is listed below.<\/strong><\/p>\n<p><a href=\"https:\/\/nofima.no\/pub\/1667387\/\">Final report (in Norwegian)<\/a><\/p>\n<p><strong>Scientific papers:<\/strong><\/p>\n<p>Ingrid Kvalvik og Roy Robertsen:<a href=\"https:\/\/doi.org\/10.1016\/j.ocecoaman.2017.03.020\"> Inter-municipal coastal zone planning and designation of areas for aquaculture in Norway: A tool for better and more coordinated planning?<\/a> Ocean and Coastal Management i 2017, volume 142<\/p>\n<p>Jahn Petter Johnsen: <a href=\"https:\/\/maritimestudiesjournal.springeropen.com\/articles\/10.1186\/s40152-017-0071-7\">Creating political spaces at sea? Governmentalization and governability in Norwegian fisheries.<\/a> Maritime Studies i 2017, Volume 16:18<\/p>\n<p>H\u00f8lleland, H., Skrede J og Sanne Bech Holmgaard: <a href=\"https:\/\/www.tandfonline.com\/doi\/abs\/10.1080\/13505033.2017.1342069\">Cultural Heritage and Ecosystem Services: A Literature Review.<\/a> Conservation and Management of Archaeological Sites I Volume 19, 2017<\/p>\n<p>Camilla Brattland, Einar Eyth\u00f3rsson, J\u00f8rn Weines og Knut Sunnan\u00e5: <a href=\"https:\/\/link.springer.com\/article\/10.1007\/s13280-018-1129-5\">Social-ecological timelines to explore human adaptation to coastal change.<\/a>\u00a0 2018, Ambio special edition.<\/p>\n<p><strong>Popular science article:<\/strong><\/p>\n<p>Brattland, Camilla; Eyth\u00f3rsson, Einar<strong>. <\/strong>Fiskesl\u00f8yfa. Spildrafiskernes bruk av sj\u00f8en og hvordan den endres av oppdrettsvirksomhet. Ottar 2016; Volum 2016 (312). ISSN 0030-6703.s 23 &#8211; 33.<\/p>\n","protected":false},"excerpt":{"rendered":"<p>Published articles from the Coreplan project is listed below. Final report (in Norwegian) Scientific papers: Ingrid Kvalvik og Roy Robertsen: Inter-municipal coastal zone planning and designation of areas for aquaculture in Norway: A tool for better and more coordinated planning? Ocean and Coastal Management i 2017, volume 142 Jahn Petter Johnsen: Creating political spaces at [&hellip;]<\/p>\n","protected":false},"author":5,"featured_media":0,"parent":0,"menu_order":0,"comment_status":"closed","ping_status":"closed","template":"","meta":{"_acf_changed":false,"footnotes":""},"class_list":["post-640","page","type-page","status-publish","hentry"],"acf":[],"_links":{"self":[{"href":"https:\/\/coreplan.no\/en\/wp-json\/wp\/v2\/pages\/640","targetHints":{"allow":["GET"]}}],"collection":[{"href":"https:\/\/coreplan.no\/en\/wp-json\/wp\/v2\/pages"}],"about":[{"href":"https:\/\/coreplan.no\/en\/wp-json\/wp\/v2\/types\/page"}],"author":[{"embeddable":true,"href":"https:\/\/coreplan.no\/en\/wp-json\/wp\/v2\/users\/5"}],"replies":[{"embeddable":true,"href":"https:\/\/coreplan.no\/en\/wp-json\/wp\/v2\/comments?post=640"}],"version-history":[{"count":2,"href":"https:\/\/coreplan.no\/en\/wp-json\/wp\/v2\/pages\/640\/revisions"}],"predecessor-version":[{"id":664,"href":"https:\/\/coreplan.no\/en\/wp-json\/wp\/v2\/pages\/640\/revisions\/664"}],"wp:attachment":[{"href":"https:\/\/coreplan.no\/en\/wp-json\/wp\/v2\/media?parent=640"}],"curies":[{"name":"wp","href":"https:\/\/api.w.org\/{rel}","templated":true}]}}